{"id":88,"date":"2025-02-15T22:58:39","date_gmt":"2025-02-15T22:58:39","guid":{"rendered":"http:\/\/demaakman.nl\/home\/?page_id=88"},"modified":"2025-02-15T22:58:39","modified_gmt":"2025-02-15T22:58:39","slug":"english-espanol","status":"publish","type":"page","link":"https:\/\/demaakman.nl\/home\/english-espanol\/","title":{"rendered":"English &amp; Espa\u00f1ol"},"content":{"rendered":"\n<h2 class=\"wp-block-heading\"><strong>Nomad Fix<\/strong><\/h2>\n\n\n\n<p><strong>Maintenance, Repairs &amp; Upgrades for Ships<\/strong><br>I specialize in maintenance, repairs, and upgrades for ships. From technical installations and electrical systems to practical modifications, painting, and other general work. If needed, I am also available for work on campers and homes. Together, we\u2019ll find a smart and lasting solution for your project.<\/p>\n\n\n\n<h2 class=\"wp-block-heading\"><strong>Soluciones N\u00f3madas<\/strong><\/h2>\n\n\n\n<p><strong>Mantenimiento, reparaciones y mejoras para embarcaciones <\/strong><\/p>\n\n\n\n<p>Me especializo en mantenimiento, reparaciones y mejoras para embarcaciones. Realizo desde instalaciones t\u00e9cnicas y sistemas el\u00e9ctricos hasta modificaciones pr\u00e1cticas, pintura y otros trabajos generales. Tambi\u00e9n estoy disponible para trabajos en autocaravanas y viviendas si es necesario. Juntos encontraremos la mejor soluci\u00f3n para tu proyecto.<\/p>\n\n\n\n<p><\/p>\n","protected":false},"excerpt":{"rendered":"<p>Nomad Fix Maintenance, Repairs &amp; Upgrades for ShipsI specialize in maintenance, repairs, and upgrades for ships. From technical installations and [&hellip;]<\/p>\n","protected":false},"author":1,"featured_media":0,"parent":0,"menu_order":0,"comment_status":"closed","ping_status":"closed","template":"","meta":{"site-sidebar-layout":"default","site-content-layout":"","ast-site-content-layout":"default","site-content-style":"default","site-sidebar-style":"default","ast-global-header-display":"","ast-banner-title-visibility":"","ast-main-header-display":"","ast-hfb-above-header-display":"","ast-hfb-below-header-display":"","ast-hfb-mobile-header-display":"","site-post-title":"","ast-breadcrumbs-content":"","ast-featured-img":"","footer-sml-layout":"","ast-disable-related-posts":"","theme-transparent-header-meta":"","adv-header-id-meta":"","stick-header-meta":"","header-above-stick-meta":"","header-main-stick-meta":"","header-below-stick-meta":"","astra-migrate-meta-layouts":"default","ast-page-background-enabled":"default","ast-page-background-meta":{"desktop":{"background-color":"var(--ast-global-color-5)","background-image":"","background-repeat":"repeat","background-position":"center center","background-size":"auto","background-attachment":"scroll","background-type":"","background-media":"","overlay-type":"","overlay-color":"","overlay-opacity":"","overlay-gradient":""},"tablet":{"background-color":"","background-image":"","background-repeat":"repeat","background-position":"center center","background-size":"auto","background-attachment":"scroll","background-type":"","background-media":"","overlay-type":"","overlay-color":"","overlay-opacity":"","overlay-gradient":""},"mobile":{"background-color":"","background-image":"","background-repeat":"repeat","background-position":"center center","background-size":"auto","background-attachment":"scroll","background-type":"","background-media":"","overlay-type":"","overlay-color":"","overlay-opacity":"","overlay-gradient":""}},"ast-content-background-meta":{"desktop":{"background-color":"var(--ast-global-color-4)","background-image":"","background-repeat":"repeat","background-position":"center center","background-size":"auto","background-attachment":"scroll","background-type":"","background-media":"","overlay-type":"","overlay-color":"","overlay-opacity":"","overlay-gradient":""},"tablet":{"background-color":"var(--ast-global-color-4)","background-image":"","background-repeat":"repeat","background-position":"center center","background-size":"auto","background-attachment":"scroll","background-type":"","background-media":"","overlay-type":"","overlay-color":"","overlay-opacity":"","overlay-gradient":""},"mobile":{"background-color":"var(--ast-global-color-4)","background-image":"","background-repeat":"repeat","background-position":"center center","background-size":"auto","background-attachment":"scroll","background-type":"","background-media":"","overlay-type":"","overlay-color":"","overlay-opacity":"","overlay-gradient":""}},"footnotes":""},"class_list":["post-88","page","type-page","status-publish","hentry"],"yoast_head":"<!-- This site is optimized with the Yoast SEO plugin v26.6 - https:\/\/yoast.com\/wordpress\/plugins\/seo\/ -->\n<title>English &amp; Espa\u00f1ol -<\/title>\n<meta name=\"robots\" content=\"index, follow, max-snippet:-1, max-image-preview:large, max-video-preview:-1\" \/>\n<link rel=\"canonical\" href=\"https:\/\/demaakman.nl\/home\/english-espanol\/\" \/>\n<meta property=\"og:locale\" content=\"nl_NL\" \/>\n<meta property=\"og:type\" content=\"article\" \/>\n<meta property=\"og:title\" content=\"English &amp; Espa\u00f1ol -\" \/>\n<meta property=\"og:description\" content=\"Nomad Fix Maintenance, Repairs &amp; Upgrades for ShipsI specialize in maintenance, repairs, and upgrades for ships. From technical installations and [&hellip;]\" \/>\n<meta property=\"og:url\" content=\"https:\/\/demaakman.nl\/home\/english-espanol\/\" \/>\n<meta name=\"twitter:card\" content=\"summary_large_image\" \/>\n<meta name=\"twitter:label1\" content=\"Geschatte leestijd\" \/>\n\t<meta name=\"twitter:data1\" content=\"1 minuut\" \/>\n<script type=\"application\/ld+json\" class=\"yoast-schema-graph\">{\"@context\":\"https:\/\/schema.org\",\"@graph\":[{\"@type\":\"WebPage\",\"@id\":\"https:\/\/demaakman.nl\/home\/english-espanol\/\",\"url\":\"https:\/\/demaakman.nl\/home\/english-espanol\/\",\"name\":\"English &amp; Espa\u00f1ol -\",\"isPartOf\":{\"@id\":\"https:\/\/demaakman.nl\/home\/#website\"},\"datePublished\":\"2025-02-15T22:58:39+00:00\",\"breadcrumb\":{\"@id\":\"https:\/\/demaakman.nl\/home\/english-espanol\/#breadcrumb\"},\"inLanguage\":\"nl-NL\",\"potentialAction\":[{\"@type\":\"ReadAction\",\"target\":[\"https:\/\/demaakman.nl\/home\/english-espanol\/\"]}]},{\"@type\":\"BreadcrumbList\",\"@id\":\"https:\/\/demaakman.nl\/home\/english-espanol\/#breadcrumb\",\"itemListElement\":[{\"@type\":\"ListItem\",\"position\":1,\"name\":\"Home\",\"item\":\"https:\/\/demaakman.nl\/home\/\"},{\"@type\":\"ListItem\",\"position\":2,\"name\":\"English &amp; Espa\u00f1ol\"}]},{\"@type\":\"WebSite\",\"@id\":\"https:\/\/demaakman.nl\/home\/#website\",\"url\":\"https:\/\/demaakman.nl\/home\/\",\"name\":\"Demaakman.nl\",\"description\":\"Veelzijdige services\",\"publisher\":{\"@id\":\"https:\/\/demaakman.nl\/home\/#organization\"},\"potentialAction\":[{\"@type\":\"SearchAction\",\"target\":{\"@type\":\"EntryPoint\",\"urlTemplate\":\"https:\/\/demaakman.nl\/home\/?s={search_term_string}\"},\"query-input\":{\"@type\":\"PropertyValueSpecification\",\"valueRequired\":true,\"valueName\":\"search_term_string\"}}],\"inLanguage\":\"nl-NL\"},{\"@type\":\"Organization\",\"@id\":\"https:\/\/demaakman.nl\/home\/#organization\",\"name\":\"De Maak Man\",\"url\":\"https:\/\/demaakman.nl\/home\/\",\"logo\":{\"@type\":\"ImageObject\",\"inLanguage\":\"nl-NL\",\"@id\":\"https:\/\/demaakman.nl\/home\/#\/schema\/logo\/image\/\",\"url\":\"https:\/\/demaakman.nl\/wp-content\/uploads\/2025\/02\/cropped-DMM-logo-groot.jpg\",\"contentUrl\":\"https:\/\/demaakman.nl\/wp-content\/uploads\/2025\/02\/cropped-DMM-logo-groot.jpg\",\"width\":1307,\"height\":283,\"caption\":\"De Maak Man\"},\"image\":{\"@id\":\"https:\/\/demaakman.nl\/home\/#\/schema\/logo\/image\/\"}}]}<\/script>\n<!-- \/ Yoast SEO plugin. -->","yoast_head_json":{"title":"English &amp; Espa\u00f1ol -","robots":{"index":"index","follow":"follow","max-snippet":"max-snippet:-1","max-image-preview":"max-image-preview:large","max-video-preview":"max-video-preview:-1"},"canonical":"https:\/\/demaakman.nl\/home\/english-espanol\/","og_locale":"nl_NL","og_type":"article","og_title":"English &amp; Espa\u00f1ol -","og_description":"Nomad Fix Maintenance, Repairs &amp; Upgrades for ShipsI specialize in maintenance, repairs, and upgrades for ships. From technical installations and [&hellip;]","og_url":"https:\/\/demaakman.nl\/home\/english-espanol\/","twitter_card":"summary_large_image","twitter_misc":{"Geschatte leestijd":"1 minuut"},"schema":{"@context":"https:\/\/schema.org","@graph":[{"@type":"WebPage","@id":"https:\/\/demaakman.nl\/home\/english-espanol\/","url":"https:\/\/demaakman.nl\/home\/english-espanol\/","name":"English &amp; Espa\u00f1ol -","isPartOf":{"@id":"https:\/\/demaakman.nl\/home\/#website"},"datePublished":"2025-02-15T22:58:39+00:00","breadcrumb":{"@id":"https:\/\/demaakman.nl\/home\/english-espanol\/#breadcrumb"},"inLanguage":"nl-NL","potentialAction":[{"@type":"ReadAction","target":["https:\/\/demaakman.nl\/home\/english-espanol\/"]}]},{"@type":"BreadcrumbList","@id":"https:\/\/demaakman.nl\/home\/english-espanol\/#breadcrumb","itemListElement":[{"@type":"ListItem","position":1,"name":"Home","item":"https:\/\/demaakman.nl\/home\/"},{"@type":"ListItem","position":2,"name":"English &amp; Espa\u00f1ol"}]},{"@type":"WebSite","@id":"https:\/\/demaakman.nl\/home\/#website","url":"https:\/\/demaakman.nl\/home\/","name":"Demaakman.nl","description":"Veelzijdige services","publisher":{"@id":"https:\/\/demaakman.nl\/home\/#organization"},"potentialAction":[{"@type":"SearchAction","target":{"@type":"EntryPoint","urlTemplate":"https:\/\/demaakman.nl\/home\/?s={search_term_string}"},"query-input":{"@type":"PropertyValueSpecification","valueRequired":true,"valueName":"search_term_string"}}],"inLanguage":"nl-NL"},{"@type":"Organization","@id":"https:\/\/demaakman.nl\/home\/#organization","name":"De Maak Man","url":"https:\/\/demaakman.nl\/home\/","logo":{"@type":"ImageObject","inLanguage":"nl-NL","@id":"https:\/\/demaakman.nl\/home\/#\/schema\/logo\/image\/","url":"https:\/\/demaakman.nl\/wp-content\/uploads\/2025\/02\/cropped-DMM-logo-groot.jpg","contentUrl":"https:\/\/demaakman.nl\/wp-content\/uploads\/2025\/02\/cropped-DMM-logo-groot.jpg","width":1307,"height":283,"caption":"De Maak Man"},"image":{"@id":"https:\/\/demaakman.nl\/home\/#\/schema\/logo\/image\/"}}]}},"_links":{"self":[{"href":"https:\/\/demaakman.nl\/home\/wp-json\/wp\/v2\/pages\/88","targetHints":{"allow":["GET"]}}],"collection":[{"href":"https:\/\/demaakman.nl\/home\/wp-json\/wp\/v2\/pages"}],"about":[{"href":"https:\/\/demaakman.nl\/home\/wp-json\/wp\/v2\/types\/page"}],"author":[{"embeddable":true,"href":"https:\/\/demaakman.nl\/home\/wp-json\/wp\/v2\/users\/1"}],"replies":[{"embeddable":true,"href":"https:\/\/demaakman.nl\/home\/wp-json\/wp\/v2\/comments?post=88"}],"version-history":[{"count":1,"href":"https:\/\/demaakman.nl\/home\/wp-json\/wp\/v2\/pages\/88\/revisions"}],"predecessor-version":[{"id":89,"href":"https:\/\/demaakman.nl\/home\/wp-json\/wp\/v2\/pages\/88\/revisions\/89"}],"wp:attachment":[{"href":"https:\/\/demaakman.nl\/home\/wp-json\/wp\/v2\/media?parent=88"}],"curies":[{"name":"wp","href":"https:\/\/api.w.org\/{rel}","templated":true}]}}